{"id":170,"date":"2025-02-07T17:57:02","date_gmt":"2025-02-07T20:57:02","guid":{"rendered":"https:\/\/alvarengaelucioadv.com.br\/blog\/?page_id=170"},"modified":"2025-02-08T14:08:13","modified_gmt":"2025-02-08T17:08:13","slug":"deus-seu-comentario","status":"publish","type":"page","link":"https:\/\/alvarengaelucioadv.com.br\/blog\/","title":{"rendered":"Deixe seu Coment\u00e1rio"},"content":{"rendered":"\t\t<div data-elementor-type=\"wp-page\" data-elementor-id=\"170\" class=\"elementor elementor-170\" data-elementor-post-type=\"page\">\n\t\t\t\t<div class=\"elementor-element elementor-element-5008f2e e-flex e-con-boxed e-con e-parent\" data-id=\"5008f2e\" data-element_type=\"container\">\n\t\t\t\t\t<div class=\"e-con-inner\">\n\t\t\t\t<div class=\"elementor-element elementor-element-425a67d elementor-position-top elementor-widget elementor-widget-image-box\" data-id=\"425a67d\" data-element_type=\"widget\" data-widget_type=\"image-box.default\">\n\t\t\t\t\t<div class=\"elementor-image-box-wrapper\"><figure class=\"elementor-image-box-img\"><img fetchpriority=\"high\" decoding=\"async\" width=\"1764\" height=\"882\" src=\"https:\/\/alvarengaelucioadv.com.br\/blog\/wp-content\/uploads\/2023\/04\/advocaica.webp\" class=\"attachment-full size-full wp-image-21\" alt=\"\" srcset=\"https:\/\/alvarengaelucioadv.com.br\/blog\/wp-content\/uploads\/2023\/04\/advocaica.webp 1764w, https:\/\/alvarengaelucioadv.com.br\/blog\/wp-content\/uploads\/2023\/04\/advocaica-300x150.webp 300w, https:\/\/alvarengaelucioadv.com.br\/blog\/wp-content\/uploads\/2023\/04\/advocaica-1024x512.webp 1024w, https:\/\/alvarengaelucioadv.com.br\/blog\/wp-content\/uploads\/2023\/04\/advocaica-768x384.webp 768w, https:\/\/alvarengaelucioadv.com.br\/blog\/wp-content\/uploads\/2023\/04\/advocaica-1536x768.webp 1536w\" sizes=\"(max-width: 1764px) 100vw, 1764px\" \/><\/figure><div class=\"elementor-image-box-content\"><h3 class=\"elementor-image-box-title\">Deixe uma mensagem!<\/h3><p class=\"elementor-image-box-description\">O respons\u00e1vel pela mensagem isenta a plataforma de qualquer responsabilidade por eventuais danos ou consequ\u00eancias legais que possam surgir em decorr\u00eancia do conte\u00fado publicado.<\/p><\/div><\/div>\t\t\t\t<\/div>\n\t\t\t\t<div class=\"elementor-element elementor-element-b126ab4 elementor-widget elementor-widget-wp-widget-recent-posts\" data-id=\"b126ab4\" data-element_type=\"widget\" data-widget_type=\"wp-widget-recent-posts.default\">\n\t\t\t\t<div class=\"elementor-widget-container\">\n\t\t\t\t\t\n\t\t\n\t\t<h5>Blog<\/h5>\n\t\t<ul>\n\t\t\t\t\t\t\t\t\t\t\t<li>\n\t\t\t\t\t<a href=\"https:\/\/alvarengaelucioadv.com.br\/blog\/emprestimos-consignados-fraudulentos-quando-a-propria-instituicao-age-de-ma-fe-saiba-o-que-fazer\/\">Empr\u00e9stimos Consignados Fraudulentos: Quando a Pr\u00f3pria Institui\u00e7\u00e3o Age de M\u00e1-F\u00e9! Saiba o que fazer<\/a>\n\t\t\t\t\t\t\t\t\t<\/li>\n\t\t\t\t\t\t\t\t\t\t\t<li>\n\t\t\t\t\t<a href=\"https:\/\/alvarengaelucioadv.com.br\/blog\/296-2\/\">O que fazer quando cair no Golpe da Selfie\/Print do rosto?<\/a>\n\t\t\t\t\t\t\t\t\t<\/li>\n\t\t\t\t\t\t\t\t\t\t\t<li>\n\t\t\t\t\t<a href=\"https:\/\/alvarengaelucioadv.com.br\/blog\/como-recuperar-perfil-hackeado-no-instagram-e-facebook-e-ainda-ser-indenizado\/\">Como recuperar perfil hackeado no Instagram e Facebook e ainda ser indenizado ?<\/a>\n\t\t\t\t\t\t\t\t\t<\/li>\n\t\t\t\t\t\t\t\t\t\t\t<li>\n\t\t\t\t\t<a href=\"https:\/\/alvarengaelucioadv.com.br\/blog\/caiu-no-golpe-do-pix-saiba-agora-o-que-fazer\/\">Caiu no golpe do PIX? Saiba agora o que fazer!<\/a>\n\t\t\t\t\t\t\t\t\t<\/li>\n\t\t\t\t\t\t\t\t\t\t\t<li>\n\t\t\t\t\t<a href=\"https:\/\/alvarengaelucioadv.com.br\/blog\/o-que-e-a-revisao-da-vida-toda-e-como-conseguir\/\">O que \u00e9 a REVIS\u00c3O DA VIDA TODA ? E como conseguir?<\/a>\n\t\t\t\t\t\t\t\t\t<\/li>\n\t\t\t\t\t<\/ul>\n\n\t\t\t\t\t\t<\/div>\n\t\t\t\t<\/div>\n\t\t\t\t\t<\/div>\n\t\t\t\t<\/div>\n\t\t\t\t<\/div>\n\t\t","protected":false},"excerpt":{"rendered":"<p>Deixe uma mensagem! O respons\u00e1vel pela mensagem isenta a plataforma de qualquer responsabilidade por eventuais danos ou consequ\u00eancias legais que possam surgir em decorr\u00eancia do conte\u00fado publicado.<\/p>\n","protected":false},"author":1,"featured_media":21,"parent":0,"menu_order":0,"comment_status":"open","ping_status":"closed","template":"elementor_header_footer","meta":{"neve_meta_sidebar":"full-width","neve_meta_container":"","neve_meta_enable_content_width":"off","neve_meta_content_width":100,"neve_meta_title_alignment":"","neve_meta_author_avatar":"","neve_post_elements_order":"","neve_meta_disable_header":"","neve_meta_disable_footer":"","neve_meta_disable_title":"","footnotes":""},"class_list":["post-170","page","type-page","status-publish","has-post-thumbnail","hentry"],"_links":{"self":[{"href":"https:\/\/alvarengaelucioadv.com.br\/blog\/wp-json\/wp\/v2\/pages\/170","targetHints":{"allow":["GET"]}}],"collection":[{"href":"https:\/\/alvarengaelucioadv.com.br\/blog\/wp-json\/wp\/v2\/pages"}],"about":[{"href":"https:\/\/alvarengaelucioadv.com.br\/blog\/wp-json\/wp\/v2\/types\/page"}],"author":[{"embeddable":true,"href":"https:\/\/alvarengaelucioadv.com.br\/blog\/wp-json\/wp\/v2\/users\/1"}],"replies":[{"embeddable":true,"href":"https:\/\/alvarengaelucioadv.com.br\/blog\/wp-json\/wp\/v2\/comments?post=170"}],"version-history":[{"count":102,"href":"https:\/\/alvarengaelucioadv.com.br\/blog\/wp-json\/wp\/v2\/pages\/170\/revisions"}],"predecessor-version":[{"id":287,"href":"https:\/\/alvarengaelucioadv.com.br\/blog\/wp-json\/wp\/v2\/pages\/170\/revisions\/287"}],"wp:featuredmedia":[{"embeddable":true,"href":"https:\/\/alvarengaelucioadv.com.br\/blog\/wp-json\/wp\/v2\/media\/21"}],"wp:attachment":[{"href":"https:\/\/alvarengaelucioadv.com.br\/blog\/wp-json\/wp\/v2\/media?parent=170"}],"curies":[{"name":"wp","href":"https:\/\/api.w.org\/{rel}","templated":true}]}}